{"id":248,"date":"2022-03-14T13:51:50","date_gmt":"2022-03-14T12:51:50","guid":{"rendered":"http:\/\/sigv\/?page_id=248"},"modified":"2022-08-08T15:04:57","modified_gmt":"2022-08-08T14:04:57","slug":"accompagnement-investissement-colleges-du-departement","status":"publish","type":"page","link":"https:\/\/sigv.fr\/index.php\/accompagnement-investissement-colleges-du-departement\/","title":{"rendered":"Accompagnement du d\u00e9partement et Investissement dans les coll\u00e8ges"},"content":{"rendered":"\n<p><\/p>\n\n\n\n<ul class=\"wp-block-list\"><li>le travail de r\u00e9colte des besoins aupr\u00e8s du d\u00e9partement dans le cadre de projet de construction&nbsp; de coll\u00e8ge<\/li><\/ul>\n\n\n\n<ul class=\"wp-block-list\"><li>les \u00e9tudes de faisabilit\u00e9 du projet de construction<\/li><\/ul>\n\n\n\n<ul class=\"wp-block-list\"><li>une \u00e9tude de faisabilit\u00e9 et un premier chiffrage des am\u00e9nagements ext\u00e9rieurs utiles \u00e0 l\u2019\u00e9quipement scolaire<\/li><li>les acquisitions fonci\u00e8res utiles au projet<\/li><\/ul>\n","protected":false},"excerpt":{"rendered":"<p>le travail de r\u00e9colte des besoins aupr\u00e8s du d\u00e9partement dans le cadre de projet de construction&nbsp; de coll\u00e8ge les \u00e9tudes de faisabilit\u00e9 du projet de construction une \u00e9tude de faisabilit\u00e9 et un premier chiffrage des am\u00e9nagements ext\u00e9rieurs utiles \u00e0 l\u2019\u00e9quipement scolaire les acquisitions fonci\u00e8res utiles [&hellip;]<\/p>\n","protected":false},"author":1,"featured_media":0,"parent":0,"menu_order":0,"comment_status":"closed","ping_status":"closed","template":"","meta":{"footnotes":""},"class_list":["post-248","page","type-page","status-publish","hentry","clearfix"],"yoast_head":"<!-- This site is optimized with the Yoast SEO plugin v23.0 - https:\/\/yoast.com\/wordpress\/plugins\/seo\/ -->\n<title>Accompagnement du d\u00e9partement et Investissement dans les coll\u00e8ges - SIGV<\/title>\n<meta name=\"robots\" content=\"index, follow, max-snippet:-1, max-image-preview:large, max-video-preview:-1\" \/>\n<link rel=\"canonical\" href=\"https:\/\/sigv.fr\/index.php\/accompagnement-investissement-colleges-du-departement\/\" \/>\n<meta property=\"og:locale\" content=\"fr_FR\" \/>\n<meta property=\"og:type\" content=\"article\" \/>\n<meta property=\"og:title\" content=\"Accompagnement du d\u00e9partement et Investissement dans les coll\u00e8ges - SIGV\" \/>\n<meta property=\"og:description\" content=\"le travail de r\u00e9colte des besoins aupr\u00e8s du d\u00e9partement dans le cadre de projet de construction&nbsp; de coll\u00e8ge les \u00e9tudes de faisabilit\u00e9 du projet de construction une \u00e9tude de faisabilit\u00e9 et un premier chiffrage des am\u00e9nagements ext\u00e9rieurs utiles \u00e0 l\u2019\u00e9quipement scolaire les acquisitions fonci\u00e8res utiles [&hellip;]\" \/>\n<meta property=\"og:url\" content=\"https:\/\/sigv.fr\/index.php\/accompagnement-investissement-colleges-du-departement\/\" \/>\n<meta property=\"og:site_name\" content=\"SIGV\" \/>\n<meta property=\"article:modified_time\" content=\"2022-08-08T14:04:57+00:00\" \/>\n<meta name=\"twitter:card\" content=\"summary_large_image\" \/>\n<script type=\"application\/ld+json\" class=\"yoast-schema-graph\">{\"@context\":\"https:\/\/schema.org\",\"@graph\":[{\"@type\":\"WebPage\",\"@id\":\"https:\/\/sigv.fr\/index.php\/accompagnement-investissement-colleges-du-departement\/\",\"url\":\"https:\/\/sigv.fr\/index.php\/accompagnement-investissement-colleges-du-departement\/\",\"name\":\"Accompagnement du d\u00e9partement et Investissement dans les coll\u00e8ges - SIGV\",\"isPartOf\":{\"@id\":\"https:\/\/sigv.fr\/#website\"},\"datePublished\":\"2022-03-14T12:51:50+00:00\",\"dateModified\":\"2022-08-08T14:04:57+00:00\",\"breadcrumb\":{\"@id\":\"https:\/\/sigv.fr\/index.php\/accompagnement-investissement-colleges-du-departement\/#breadcrumb\"},\"inLanguage\":\"fr-FR\",\"potentialAction\":[{\"@type\":\"ReadAction\",\"target\":[\"https:\/\/sigv.fr\/index.php\/accompagnement-investissement-colleges-du-departement\/\"]}]},{\"@type\":\"BreadcrumbList\",\"@id\":\"https:\/\/sigv.fr\/index.php\/accompagnement-investissement-colleges-du-departement\/#breadcrumb\",\"itemListElement\":[{\"@type\":\"ListItem\",\"position\":1,\"name\":\"Accueil\",\"item\":\"https:\/\/sigv.fr\/\"},{\"@type\":\"ListItem\",\"position\":2,\"name\":\"Accompagnement du d\u00e9partement et Investissement dans les coll\u00e8ges\"}]},{\"@type\":\"WebSite\",\"@id\":\"https:\/\/sigv.fr\/#website\",\"url\":\"https:\/\/sigv.fr\/\",\"name\":\"SIGV\",\"description\":\"Syndicat Intercommunal du Grand Vallat\",\"publisher\":{\"@id\":\"https:\/\/sigv.fr\/#organization\"},\"potentialAction\":[{\"@type\":\"SearchAction\",\"target\":{\"@type\":\"EntryPoint\",\"urlTemplate\":\"https:\/\/sigv.fr\/?s={search_term_string}\"},\"query-input\":\"required name=search_term_string\"}],\"inLanguage\":\"fr-FR\"},{\"@type\":\"Organization\",\"@id\":\"https:\/\/sigv.fr\/#organization\",\"name\":\"Syndicat Intercommunal Grand Vallat\",\"url\":\"https:\/\/sigv.fr\/\",\"logo\":{\"@type\":\"ImageObject\",\"inLanguage\":\"fr-FR\",\"@id\":\"https:\/\/sigv.fr\/#\/schema\/logo\/image\/\",\"url\":\"https:\/\/sigv.fr\/wp-content\/uploads\/2020\/12\/cropped-LOGO-Transparent-1.png\",\"contentUrl\":\"https:\/\/sigv.fr\/wp-content\/uploads\/2020\/12\/cropped-LOGO-Transparent-1.png\",\"width\":200,\"height\":84,\"caption\":\"Syndicat Intercommunal Grand Vallat\"},\"image\":{\"@id\":\"https:\/\/sigv.fr\/#\/schema\/logo\/image\/\"}}]}<\/script>\n<!-- \/ Yoast SEO plugin. -->","yoast_head_json":{"title":"Accompagnement du d\u00e9partement et Investissement dans les coll\u00e8ges - SIGV","robots":{"index":"index","follow":"follow","max-snippet":"max-snippet:-1","max-image-preview":"max-image-preview:large","max-video-preview":"max-video-preview:-1"},"canonical":"https:\/\/sigv.fr\/index.php\/accompagnement-investissement-colleges-du-departement\/","og_locale":"fr_FR","og_type":"article","og_title":"Accompagnement du d\u00e9partement et Investissement dans les coll\u00e8ges - SIGV","og_description":"le travail de r\u00e9colte des besoins aupr\u00e8s du d\u00e9partement dans le cadre de projet de construction&nbsp; de coll\u00e8ge les \u00e9tudes de faisabilit\u00e9 du projet de construction une \u00e9tude de faisabilit\u00e9 et un premier chiffrage des am\u00e9nagements ext\u00e9rieurs utiles \u00e0 l\u2019\u00e9quipement scolaire les acquisitions fonci\u00e8res utiles [&hellip;]","og_url":"https:\/\/sigv.fr\/index.php\/accompagnement-investissement-colleges-du-departement\/","og_site_name":"SIGV","article_modified_time":"2022-08-08T14:04:57+00:00","twitter_card":"summary_large_image","schema":{"@context":"https:\/\/schema.org","@graph":[{"@type":"WebPage","@id":"https:\/\/sigv.fr\/index.php\/accompagnement-investissement-colleges-du-departement\/","url":"https:\/\/sigv.fr\/index.php\/accompagnement-investissement-colleges-du-departement\/","name":"Accompagnement du d\u00e9partement et Investissement dans les coll\u00e8ges - SIGV","isPartOf":{"@id":"https:\/\/sigv.fr\/#website"},"datePublished":"2022-03-14T12:51:50+00:00","dateModified":"2022-08-08T14:04:57+00:00","breadcrumb":{"@id":"https:\/\/sigv.fr\/index.php\/accompagnement-investissement-colleges-du-departement\/#breadcrumb"},"inLanguage":"fr-FR","potentialAction":[{"@type":"ReadAction","target":["https:\/\/sigv.fr\/index.php\/accompagnement-investissement-colleges-du-departement\/"]}]},{"@type":"BreadcrumbList","@id":"https:\/\/sigv.fr\/index.php\/accompagnement-investissement-colleges-du-departement\/#breadcrumb","itemListElement":[{"@type":"ListItem","position":1,"name":"Accueil","item":"https:\/\/sigv.fr\/"},{"@type":"ListItem","position":2,"name":"Accompagnement du d\u00e9partement et Investissement dans les coll\u00e8ges"}]},{"@type":"WebSite","@id":"https:\/\/sigv.fr\/#website","url":"https:\/\/sigv.fr\/","name":"SIGV","description":"Syndicat Intercommunal du Grand Vallat","publisher":{"@id":"https:\/\/sigv.fr\/#organization"},"potentialAction":[{"@type":"SearchAction","target":{"@type":"EntryPoint","urlTemplate":"https:\/\/sigv.fr\/?s={search_term_string}"},"query-input":"required name=search_term_string"}],"inLanguage":"fr-FR"},{"@type":"Organization","@id":"https:\/\/sigv.fr\/#organization","name":"Syndicat Intercommunal Grand Vallat","url":"https:\/\/sigv.fr\/","logo":{"@type":"ImageObject","inLanguage":"fr-FR","@id":"https:\/\/sigv.fr\/#\/schema\/logo\/image\/","url":"https:\/\/sigv.fr\/wp-content\/uploads\/2020\/12\/cropped-LOGO-Transparent-1.png","contentUrl":"https:\/\/sigv.fr\/wp-content\/uploads\/2020\/12\/cropped-LOGO-Transparent-1.png","width":200,"height":84,"caption":"Syndicat Intercommunal Grand Vallat"},"image":{"@id":"https:\/\/sigv.fr\/#\/schema\/logo\/image\/"}}]}},"_links":{"self":[{"href":"https:\/\/sigv.fr\/index.php\/wp-json\/wp\/v2\/pages\/248","targetHints":{"allow":["GET"]}}],"collection":[{"href":"https:\/\/sigv.fr\/index.php\/wp-json\/wp\/v2\/pages"}],"about":[{"href":"https:\/\/sigv.fr\/index.php\/wp-json\/wp\/v2\/types\/page"}],"author":[{"embeddable":true,"href":"https:\/\/sigv.fr\/index.php\/wp-json\/wp\/v2\/users\/1"}],"replies":[{"embeddable":true,"href":"https:\/\/sigv.fr\/index.php\/wp-json\/wp\/v2\/comments?post=248"}],"version-history":[{"count":6,"href":"https:\/\/sigv.fr\/index.php\/wp-json\/wp\/v2\/pages\/248\/revisions"}],"predecessor-version":[{"id":833,"href":"https:\/\/sigv.fr\/index.php\/wp-json\/wp\/v2\/pages\/248\/revisions\/833"}],"wp:attachment":[{"href":"https:\/\/sigv.fr\/index.php\/wp-json\/wp\/v2\/media?parent=248"}],"curies":[{"name":"wp","href":"https:\/\/api.w.org\/{rel}","templated":true}]}}