{"id":256,"date":"2022-03-14T14:38:52","date_gmt":"2022-03-14T13:38:52","guid":{"rendered":"http:\/\/sigv\/?page_id=256"},"modified":"2026-02-05T15:40:47","modified_gmt":"2026-02-05T14:40:47","slug":"nos-actions","status":"publish","type":"page","link":"https:\/\/sigv.fr\/index.php\/nos-actions\/","title":{"rendered":"Nos Actions"},"content":{"rendered":"\n<p>Le SIGV (Syndicat Intercommunal du Grand Vallat) est un SIVOM, Syndicat Intercommunal \u00e0 Vocations Multiple, qui regroupe les communes de Bouc Bel Air, Cabri\u00e8s et Simiane-Collongue.<\/p>\n\n\n\n<p>C\u2019est par un arr\u00eat\u00e9 du <strong>13 avril 1977 <\/strong>que Monsieur le Sous-Pr\u00e9fet d\u2019Aix en Provence, autorise la cr\u00e9ation d\u2019un syndicat intercommunal entre les Communes de Bouc Bel Air, Cabri\u00e8s et Simiane avec pour vocation, la construction d\u2019un coll\u00e8ge d\u2019enseignement secondaire pour y accueillir les \u00e9l\u00e8ves des trois communes membres du syndicat appel\u00e9 alors S.I.C.C.E.S.<\/p>\n\n\n\n<p>Cette comp\u00e9tence qui appartient aux communes ou aux syndicats de communes fut ensuite transf\u00e9r\u00e9e aux D\u00e9partements avec la loi de d\u00e9centralisation de 1982.<\/p>\n\n\n\n<p>La construction du coll\u00e8ge Georges Brassens fut la premi\u00e8re r\u00e9alisation du syndicat, suivie par d\u2019autres les ann\u00e9es suivantes.<\/p>\n\n\n\n<p>D\u2019un bref historique il sera retenu&nbsp;:<\/p>\n\n\n\n<ul class=\"wp-block-list\">\n<li><strong>1981<\/strong>: ouverture du coll\u00e8ge G.Brassens,<\/li>\n\n\n\n<li><strong>1986<\/strong>: ouverture du coll\u00e8ge M.Mauron de Cabri\u00e8s<\/li>\n\n\n\n<li><strong>2005<\/strong>: ouverture du coll\u00e8ge Fran\u00e7ois Mitterand de Simiane Collongue<\/li>\n<\/ul>\n\n\n\n<p>Depuis la fin des ann\u00e9es 90, le syndicat a \u00e9volu\u00e9 et a d\u00e9velopp\u00e9 de nouveaux services mutualis\u00e9s : <\/p>\n\n\n\n<h2 class=\"wp-block-heading\"><a href=\"https:\/\/sigv.fr\/index.php\/accompagnement-investissement-colleges-du-departement\/\">Accompagnement du d\u00e9partement et Investissement dans les coll\u00e8ges<\/a><\/h2>\n\n\n\n<h2 class=\"wp-block-heading\"><a href=\"https:\/\/sigv.fr\/index.php\/cispd\/\">Service Pr\u00e9vention (C.I.S.P.D)<\/a><\/h2>\n\n\n\n<h2 class=\"wp-block-heading\"><a href=\"https:\/\/sigv.fr\/index.php\/service-informatique\/\">Service Informatique<\/a><\/h2>\n\n\n\n<h2 class=\"wp-block-heading\"><a href=\"https:\/\/sigv.fr\/index.php\/videoprotection\/\" data-type=\"URL\">Vid\u00e9oprotection<\/a><\/h2>\n\n\n\n<h2 class=\"wp-block-heading\"><a href=\"https:\/\/sigv.fr\/index.php\/convention-territoriale-globale-ctg\/\">Convention Territoriale Globale (CTG)<\/a><\/h2>\n\n\n\n<p><\/p>\n","protected":false},"excerpt":{"rendered":"<p>Le SIGV (Syndicat Intercommunal du Grand Vallat) est un SIVOM, Syndicat Intercommunal \u00e0 Vocations Multiple, qui regroupe les communes de Bouc Bel Air, Cabri\u00e8s et Simiane-Collongue. C\u2019est par un arr\u00eat\u00e9 du 13 avril 1977 que Monsieur le Sous-Pr\u00e9fet d\u2019Aix en Provence, autorise la cr\u00e9ation d\u2019un [&hellip;]<\/p>\n","protected":false},"author":1,"featured_media":0,"parent":0,"menu_order":0,"comment_status":"closed","ping_status":"closed","template":"","meta":{"footnotes":""},"class_list":["post-256","page","type-page","status-publish","hentry","clearfix"],"yoast_head":"<!-- This site is optimized with the Yoast SEO plugin v23.0 - https:\/\/yoast.com\/wordpress\/plugins\/seo\/ -->\n<title>Nos Actions - SIGV<\/title>\n<meta name=\"robots\" content=\"index, follow, max-snippet:-1, max-image-preview:large, max-video-preview:-1\" \/>\n<link rel=\"canonical\" href=\"https:\/\/sigv.fr\/index.php\/nos-actions\/\" \/>\n<meta property=\"og:locale\" content=\"fr_FR\" \/>\n<meta property=\"og:type\" content=\"article\" \/>\n<meta property=\"og:title\" content=\"Nos Actions - SIGV\" \/>\n<meta property=\"og:description\" content=\"Le SIGV (Syndicat Intercommunal du Grand Vallat) est un SIVOM, Syndicat Intercommunal \u00e0 Vocations Multiple, qui regroupe les communes de Bouc Bel Air, Cabri\u00e8s et Simiane-Collongue. C\u2019est par un arr\u00eat\u00e9 du 13 avril 1977 que Monsieur le Sous-Pr\u00e9fet d\u2019Aix en Provence, autorise la cr\u00e9ation d\u2019un [&hellip;]\" \/>\n<meta property=\"og:url\" content=\"https:\/\/sigv.fr\/index.php\/nos-actions\/\" \/>\n<meta property=\"og:site_name\" content=\"SIGV\" \/>\n<meta property=\"article:modified_time\" content=\"2026-02-05T14:40:47+00:00\" \/>\n<meta name=\"twitter:card\" content=\"summary_large_image\" \/>\n<meta name=\"twitter:label1\" content=\"Dur\u00e9e de lecture estim\u00e9e\" \/>\n\t<meta name=\"twitter:data1\" content=\"1 minute\" \/>\n<script type=\"application\/ld+json\" class=\"yoast-schema-graph\">{\"@context\":\"https:\/\/schema.org\",\"@graph\":[{\"@type\":\"WebPage\",\"@id\":\"https:\/\/sigv.fr\/index.php\/nos-actions\/\",\"url\":\"https:\/\/sigv.fr\/index.php\/nos-actions\/\",\"name\":\"Nos Actions - SIGV\",\"isPartOf\":{\"@id\":\"https:\/\/sigv.fr\/#website\"},\"datePublished\":\"2022-03-14T13:38:52+00:00\",\"dateModified\":\"2026-02-05T14:40:47+00:00\",\"breadcrumb\":{\"@id\":\"https:\/\/sigv.fr\/index.php\/nos-actions\/#breadcrumb\"},\"inLanguage\":\"fr-FR\",\"potentialAction\":[{\"@type\":\"ReadAction\",\"target\":[\"https:\/\/sigv.fr\/index.php\/nos-actions\/\"]}]},{\"@type\":\"BreadcrumbList\",\"@id\":\"https:\/\/sigv.fr\/index.php\/nos-actions\/#breadcrumb\",\"itemListElement\":[{\"@type\":\"ListItem\",\"position\":1,\"name\":\"Accueil\",\"item\":\"https:\/\/sigv.fr\/\"},{\"@type\":\"ListItem\",\"position\":2,\"name\":\"Nos Actions\"}]},{\"@type\":\"WebSite\",\"@id\":\"https:\/\/sigv.fr\/#website\",\"url\":\"https:\/\/sigv.fr\/\",\"name\":\"SIGV\",\"description\":\"Syndicat Intercommunal du Grand Vallat\",\"publisher\":{\"@id\":\"https:\/\/sigv.fr\/#organization\"},\"potentialAction\":[{\"@type\":\"SearchAction\",\"target\":{\"@type\":\"EntryPoint\",\"urlTemplate\":\"https:\/\/sigv.fr\/?s={search_term_string}\"},\"query-input\":\"required name=search_term_string\"}],\"inLanguage\":\"fr-FR\"},{\"@type\":\"Organization\",\"@id\":\"https:\/\/sigv.fr\/#organization\",\"name\":\"Syndicat Intercommunal Grand Vallat\",\"url\":\"https:\/\/sigv.fr\/\",\"logo\":{\"@type\":\"ImageObject\",\"inLanguage\":\"fr-FR\",\"@id\":\"https:\/\/sigv.fr\/#\/schema\/logo\/image\/\",\"url\":\"https:\/\/sigv.fr\/wp-content\/uploads\/2020\/12\/cropped-LOGO-Transparent-1.png\",\"contentUrl\":\"https:\/\/sigv.fr\/wp-content\/uploads\/2020\/12\/cropped-LOGO-Transparent-1.png\",\"width\":200,\"height\":84,\"caption\":\"Syndicat Intercommunal Grand Vallat\"},\"image\":{\"@id\":\"https:\/\/sigv.fr\/#\/schema\/logo\/image\/\"}}]}<\/script>\n<!-- \/ Yoast SEO plugin. -->","yoast_head_json":{"title":"Nos Actions - SIGV","robots":{"index":"index","follow":"follow","max-snippet":"max-snippet:-1","max-image-preview":"max-image-preview:large","max-video-preview":"max-video-preview:-1"},"canonical":"https:\/\/sigv.fr\/index.php\/nos-actions\/","og_locale":"fr_FR","og_type":"article","og_title":"Nos Actions - SIGV","og_description":"Le SIGV (Syndicat Intercommunal du Grand Vallat) est un SIVOM, Syndicat Intercommunal \u00e0 Vocations Multiple, qui regroupe les communes de Bouc Bel Air, Cabri\u00e8s et Simiane-Collongue. C\u2019est par un arr\u00eat\u00e9 du 13 avril 1977 que Monsieur le Sous-Pr\u00e9fet d\u2019Aix en Provence, autorise la cr\u00e9ation d\u2019un [&hellip;]","og_url":"https:\/\/sigv.fr\/index.php\/nos-actions\/","og_site_name":"SIGV","article_modified_time":"2026-02-05T14:40:47+00:00","twitter_card":"summary_large_image","twitter_misc":{"Dur\u00e9e de lecture estim\u00e9e":"1 minute"},"schema":{"@context":"https:\/\/schema.org","@graph":[{"@type":"WebPage","@id":"https:\/\/sigv.fr\/index.php\/nos-actions\/","url":"https:\/\/sigv.fr\/index.php\/nos-actions\/","name":"Nos Actions - SIGV","isPartOf":{"@id":"https:\/\/sigv.fr\/#website"},"datePublished":"2022-03-14T13:38:52+00:00","dateModified":"2026-02-05T14:40:47+00:00","breadcrumb":{"@id":"https:\/\/sigv.fr\/index.php\/nos-actions\/#breadcrumb"},"inLanguage":"fr-FR","potentialAction":[{"@type":"ReadAction","target":["https:\/\/sigv.fr\/index.php\/nos-actions\/"]}]},{"@type":"BreadcrumbList","@id":"https:\/\/sigv.fr\/index.php\/nos-actions\/#breadcrumb","itemListElement":[{"@type":"ListItem","position":1,"name":"Accueil","item":"https:\/\/sigv.fr\/"},{"@type":"ListItem","position":2,"name":"Nos Actions"}]},{"@type":"WebSite","@id":"https:\/\/sigv.fr\/#website","url":"https:\/\/sigv.fr\/","name":"SIGV","description":"Syndicat Intercommunal du Grand Vallat","publisher":{"@id":"https:\/\/sigv.fr\/#organization"},"potentialAction":[{"@type":"SearchAction","target":{"@type":"EntryPoint","urlTemplate":"https:\/\/sigv.fr\/?s={search_term_string}"},"query-input":"required name=search_term_string"}],"inLanguage":"fr-FR"},{"@type":"Organization","@id":"https:\/\/sigv.fr\/#organization","name":"Syndicat Intercommunal Grand Vallat","url":"https:\/\/sigv.fr\/","logo":{"@type":"ImageObject","inLanguage":"fr-FR","@id":"https:\/\/sigv.fr\/#\/schema\/logo\/image\/","url":"https:\/\/sigv.fr\/wp-content\/uploads\/2020\/12\/cropped-LOGO-Transparent-1.png","contentUrl":"https:\/\/sigv.fr\/wp-content\/uploads\/2020\/12\/cropped-LOGO-Transparent-1.png","width":200,"height":84,"caption":"Syndicat Intercommunal Grand Vallat"},"image":{"@id":"https:\/\/sigv.fr\/#\/schema\/logo\/image\/"}}]}},"_links":{"self":[{"href":"https:\/\/sigv.fr\/index.php\/wp-json\/wp\/v2\/pages\/256","targetHints":{"allow":["GET"]}}],"collection":[{"href":"https:\/\/sigv.fr\/index.php\/wp-json\/wp\/v2\/pages"}],"about":[{"href":"https:\/\/sigv.fr\/index.php\/wp-json\/wp\/v2\/types\/page"}],"author":[{"embeddable":true,"href":"https:\/\/sigv.fr\/index.php\/wp-json\/wp\/v2\/users\/1"}],"replies":[{"embeddable":true,"href":"https:\/\/sigv.fr\/index.php\/wp-json\/wp\/v2\/comments?post=256"}],"version-history":[{"count":17,"href":"https:\/\/sigv.fr\/index.php\/wp-json\/wp\/v2\/pages\/256\/revisions"}],"predecessor-version":[{"id":1555,"href":"https:\/\/sigv.fr\/index.php\/wp-json\/wp\/v2\/pages\/256\/revisions\/1555"}],"wp:attachment":[{"href":"https:\/\/sigv.fr\/index.php\/wp-json\/wp\/v2\/media?parent=256"}],"curies":[{"name":"wp","href":"https:\/\/api.w.org\/{rel}","templated":true}]}}